{"id":4335,"date":"2024-09-06T11:41:41","date_gmt":"2024-09-06T09:41:41","guid":{"rendered":"https:\/\/niemusibolec.com\/?post_type=product&#038;p=4335"},"modified":"2025-11-06T19:23:41","modified_gmt":"2025-11-06T18:23:41","slug":"podstawy-leczenia-bolu-u-dzieci","status":"publish","type":"product","link":"https:\/\/niemusibolec.com\/index.php\/product\/podstawy-leczenia-bolu-u-dzieci\/","title":{"rendered":"Podstawy leczenia b\u00f3lu u dzieci dla lekarzy POZ"},"content":{"rendered":"<p>Nagranie przeznaczone specjalnie dla lekarzy POZ, na kt\u00f3rym om\u00f3wimy podstawowe wiadomo\u015bci na temat leczenia b\u00f3lu u dzieci tak, by\u015b m\u00f3g\u0142 poradzi\u0107 sobie z najcz\u0119stszymi przypadkami w swojej praktyce. Om\u00f3wimy podstawowe problemy, ale i bardziej zaawansowane przypadki, dzi\u0119ki czemu nagranie b\u0119dzie odpowiednie nie tylko dla lekarzy rodzinnych, ale i dla pediatr\u00f3w.<\/p>\n<p>W trakcie webinaru opowiem Wam o:<br \/>\n&#8211; b\u00f3lach staw\u00f3w<br \/>\n&#8211; b\u00f3lach g\u0142owy<br \/>\n&#8211; b\u00f3lach brzucha<br \/>\n&#8211; b\u00f3lu pourazowym<\/p>\n","protected":false},"excerpt":{"rendered":"<p>Nagranie webinaru &#8211; dost\u0119p na 365 dni od momentu zakupu.<\/p>\n","protected":false},"featured_media":4846,"comment_status":"open","ping_status":"closed","template":"","meta":{"_et_pb_use_builder":"","_et_pb_old_content":"","_et_gb_content_width":"","_monsterinsights_skip_tracking":false,"_monsterinsights_sitenote_active":false,"_monsterinsights_sitenote_note":"","_monsterinsights_sitenote_category":0},"product_brand":[],"product_cat":[163],"product_tag":[],"class_list":{"0":"post-4335","1":"product","2":"type-product","3":"status-publish","4":"has-post-thumbnail","6":"product_cat-webinar","8":"first","9":"instock","10":"downloadable","11":"virtual","12":"taxable","13":"purchasable","14":"product-type-simple"},"yoast_head":"<!-- This site is optimized with the Yoast SEO plugin v27.0 - https:\/\/yoast.com\/product\/yoast-seo-wordpress\/ -->\n<title>Podstawy leczenia b\u00f3lu u dzieci dla lekarzy POZ - Nie musi bole\u0107<\/title>\n<meta name=\"robots\" content=\"index, follow, max-snippet:-1, max-image-preview:large, max-video-preview:-1\" \/>\n<link rel=\"canonical\" href=\"https:\/\/niemusibolec.com\/index.php\/product\/podstawy-leczenia-bolu-u-dzieci\/\" \/>\n<meta property=\"og:locale\" content=\"pl_PL\" \/>\n<meta property=\"og:type\" content=\"article\" \/>\n<meta property=\"og:title\" content=\"Podstawy leczenia b\u00f3lu u dzieci dla lekarzy POZ - Nie musi bole\u0107\" \/>\n<meta property=\"og:description\" content=\"Nagranie webinaru - dost\u0119p na 365 dni od momentu zakupu.\" \/>\n<meta property=\"og:url\" content=\"https:\/\/niemusibolec.com\/index.php\/product\/podstawy-leczenia-bolu-u-dzieci\/\" \/>\n<meta property=\"og:site_name\" content=\"Nie musi bole\u0107\" \/>\n<meta property=\"article:modified_time\" content=\"2025-11-06T18:23:41+00:00\" \/>\n<meta property=\"og:image\" content=\"https:\/\/niemusibolec.com\/wp-content\/uploads\/2024\/09\/webinar-kwadrat-43.jpg\" \/>\n\t<meta property=\"og:image:width\" content=\"1080\" \/>\n\t<meta property=\"og:image:height\" content=\"1080\" \/>\n\t<meta property=\"og:image:type\" content=\"image\/jpeg\" \/>\n<meta name=\"twitter:card\" content=\"summary_large_image\" \/>\n<meta name=\"twitter:label1\" content=\"Szacowany czas czytania\" \/>\n\t<meta name=\"twitter:data1\" content=\"1 minuta\" \/>\n<script type=\"application\/ld+json\" class=\"yoast-schema-graph\">{\"@context\":\"https:\/\/schema.org\",\"@graph\":[{\"@type\":\"WebPage\",\"@id\":\"https:\/\/niemusibolec.com\/index.php\/product\/podstawy-leczenia-bolu-u-dzieci\/\",\"url\":\"https:\/\/niemusibolec.com\/index.php\/product\/podstawy-leczenia-bolu-u-dzieci\/\",\"name\":\"Podstawy leczenia b\u00f3lu u dzieci dla lekarzy POZ - Nie musi bole\u0107\",\"isPartOf\":{\"@id\":\"https:\/\/niemusibolec.com\/#website\"},\"primaryImageOfPage\":{\"@id\":\"https:\/\/niemusibolec.com\/index.php\/product\/podstawy-leczenia-bolu-u-dzieci\/#primaryimage\"},\"image\":{\"@id\":\"https:\/\/niemusibolec.com\/index.php\/product\/podstawy-leczenia-bolu-u-dzieci\/#primaryimage\"},\"thumbnailUrl\":\"https:\/\/niemusibolec.com\/wp-content\/uploads\/2024\/09\/webinar-kwadrat-43.jpg\",\"datePublished\":\"2024-09-06T09:41:41+00:00\",\"dateModified\":\"2025-11-06T18:23:41+00:00\",\"breadcrumb\":{\"@id\":\"https:\/\/niemusibolec.com\/index.php\/product\/podstawy-leczenia-bolu-u-dzieci\/#breadcrumb\"},\"inLanguage\":\"pl-PL\",\"potentialAction\":[{\"@type\":\"ReadAction\",\"target\":[\"https:\/\/niemusibolec.com\/index.php\/product\/podstawy-leczenia-bolu-u-dzieci\/\"]}]},{\"@type\":\"ImageObject\",\"inLanguage\":\"pl-PL\",\"@id\":\"https:\/\/niemusibolec.com\/index.php\/product\/podstawy-leczenia-bolu-u-dzieci\/#primaryimage\",\"url\":\"https:\/\/niemusibolec.com\/wp-content\/uploads\/2024\/09\/webinar-kwadrat-43.jpg\",\"contentUrl\":\"https:\/\/niemusibolec.com\/wp-content\/uploads\/2024\/09\/webinar-kwadrat-43.jpg\",\"width\":1080,\"height\":1080},{\"@type\":\"BreadcrumbList\",\"@id\":\"https:\/\/niemusibolec.com\/index.php\/product\/podstawy-leczenia-bolu-u-dzieci\/#breadcrumb\",\"itemListElement\":[{\"@type\":\"ListItem\",\"position\":1,\"name\":\"Home\",\"item\":\"https:\/\/niemusibolec.com\/\"},{\"@type\":\"ListItem\",\"position\":2,\"name\":\"Produkty\",\"item\":\"https:\/\/niemusibolec.com\/index.php\/shop\/\"},{\"@type\":\"ListItem\",\"position\":3,\"name\":\"Podstawy leczenia b\u00f3lu u dzieci dla lekarzy POZ\"}]},{\"@type\":\"WebSite\",\"@id\":\"https:\/\/niemusibolec.com\/#website\",\"url\":\"https:\/\/niemusibolec.com\/\",\"name\":\"Nie musi bole\u0107\",\"description\":\"Poradnia leczenia b\u00f3lu dla dzieci i doros\u0142ych w Bia\u0142ymstoku\",\"potentialAction\":[{\"@type\":\"SearchAction\",\"target\":{\"@type\":\"EntryPoint\",\"urlTemplate\":\"https:\/\/niemusibolec.com\/?s={search_term_string}\"},\"query-input\":{\"@type\":\"PropertyValueSpecification\",\"valueRequired\":true,\"valueName\":\"search_term_string\"}}],\"inLanguage\":\"pl-PL\"}]}<\/script>\n<!-- \/ Yoast SEO plugin. -->","yoast_head_json":{"title":"Podstawy leczenia b\u00f3lu u dzieci dla lekarzy POZ - Nie musi bole\u0107","robots":{"index":"index","follow":"follow","max-snippet":"max-snippet:-1","max-image-preview":"max-image-preview:large","max-video-preview":"max-video-preview:-1"},"canonical":"https:\/\/niemusibolec.com\/index.php\/product\/podstawy-leczenia-bolu-u-dzieci\/","og_locale":"pl_PL","og_type":"article","og_title":"Podstawy leczenia b\u00f3lu u dzieci dla lekarzy POZ - Nie musi bole\u0107","og_description":"Nagranie webinaru - dost\u0119p na 365 dni od momentu zakupu.","og_url":"https:\/\/niemusibolec.com\/index.php\/product\/podstawy-leczenia-bolu-u-dzieci\/","og_site_name":"Nie musi bole\u0107","article_modified_time":"2025-11-06T18:23:41+00:00","og_image":[{"width":1080,"height":1080,"url":"https:\/\/niemusibolec.com\/wp-content\/uploads\/2024\/09\/webinar-kwadrat-43.jpg","type":"image\/jpeg"}],"twitter_card":"summary_large_image","twitter_misc":{"Szacowany czas czytania":"1 minuta"},"schema":{"@context":"https:\/\/schema.org","@graph":[{"@type":"WebPage","@id":"https:\/\/niemusibolec.com\/index.php\/product\/podstawy-leczenia-bolu-u-dzieci\/","url":"https:\/\/niemusibolec.com\/index.php\/product\/podstawy-leczenia-bolu-u-dzieci\/","name":"Podstawy leczenia b\u00f3lu u dzieci dla lekarzy POZ - Nie musi bole\u0107","isPartOf":{"@id":"https:\/\/niemusibolec.com\/#website"},"primaryImageOfPage":{"@id":"https:\/\/niemusibolec.com\/index.php\/product\/podstawy-leczenia-bolu-u-dzieci\/#primaryimage"},"image":{"@id":"https:\/\/niemusibolec.com\/index.php\/product\/podstawy-leczenia-bolu-u-dzieci\/#primaryimage"},"thumbnailUrl":"https:\/\/niemusibolec.com\/wp-content\/uploads\/2024\/09\/webinar-kwadrat-43.jpg","datePublished":"2024-09-06T09:41:41+00:00","dateModified":"2025-11-06T18:23:41+00:00","breadcrumb":{"@id":"https:\/\/niemusibolec.com\/index.php\/product\/podstawy-leczenia-bolu-u-dzieci\/#breadcrumb"},"inLanguage":"pl-PL","potentialAction":[{"@type":"ReadAction","target":["https:\/\/niemusibolec.com\/index.php\/product\/podstawy-leczenia-bolu-u-dzieci\/"]}]},{"@type":"ImageObject","inLanguage":"pl-PL","@id":"https:\/\/niemusibolec.com\/index.php\/product\/podstawy-leczenia-bolu-u-dzieci\/#primaryimage","url":"https:\/\/niemusibolec.com\/wp-content\/uploads\/2024\/09\/webinar-kwadrat-43.jpg","contentUrl":"https:\/\/niemusibolec.com\/wp-content\/uploads\/2024\/09\/webinar-kwadrat-43.jpg","width":1080,"height":1080},{"@type":"BreadcrumbList","@id":"https:\/\/niemusibolec.com\/index.php\/product\/podstawy-leczenia-bolu-u-dzieci\/#breadcrumb","itemListElement":[{"@type":"ListItem","position":1,"name":"Home","item":"https:\/\/niemusibolec.com\/"},{"@type":"ListItem","position":2,"name":"Produkty","item":"https:\/\/niemusibolec.com\/index.php\/shop\/"},{"@type":"ListItem","position":3,"name":"Podstawy leczenia b\u00f3lu u dzieci dla lekarzy POZ"}]},{"@type":"WebSite","@id":"https:\/\/niemusibolec.com\/#website","url":"https:\/\/niemusibolec.com\/","name":"Nie musi bole\u0107","description":"Poradnia leczenia b\u00f3lu dla dzieci i doros\u0142ych w Bia\u0142ymstoku","potentialAction":[{"@type":"SearchAction","target":{"@type":"EntryPoint","urlTemplate":"https:\/\/niemusibolec.com\/?s={search_term_string}"},"query-input":{"@type":"PropertyValueSpecification","valueRequired":true,"valueName":"search_term_string"}}],"inLanguage":"pl-PL"}]}},"_links":{"self":[{"href":"https:\/\/niemusibolec.com\/index.php\/wp-json\/wp\/v2\/product\/4335","targetHints":{"allow":["GET"]}}],"collection":[{"href":"https:\/\/niemusibolec.com\/index.php\/wp-json\/wp\/v2\/product"}],"about":[{"href":"https:\/\/niemusibolec.com\/index.php\/wp-json\/wp\/v2\/types\/product"}],"replies":[{"embeddable":true,"href":"https:\/\/niemusibolec.com\/index.php\/wp-json\/wp\/v2\/comments?post=4335"}],"wp:featuredmedia":[{"embeddable":true,"href":"https:\/\/niemusibolec.com\/index.php\/wp-json\/wp\/v2\/media\/4846"}],"wp:attachment":[{"href":"https:\/\/niemusibolec.com\/index.php\/wp-json\/wp\/v2\/media?parent=4335"}],"wp:term":[{"taxonomy":"product_brand","embeddable":true,"href":"https:\/\/niemusibolec.com\/index.php\/wp-json\/wp\/v2\/product_brand?post=4335"},{"taxonomy":"product_cat","embeddable":true,"href":"https:\/\/niemusibolec.com\/index.php\/wp-json\/wp\/v2\/product_cat?post=4335"},{"taxonomy":"product_tag","embeddable":true,"href":"https:\/\/niemusibolec.com\/index.php\/wp-json\/wp\/v2\/product_tag?post=4335"}],"curies":[{"name":"wp","href":"https:\/\/api.w.org\/{rel}","templated":true}]}}