{"id":3332,"date":"2024-03-01T18:00:35","date_gmt":"2024-03-01T17:00:35","guid":{"rendered":"https:\/\/niemusibolec.com\/?post_type=product&#038;p=3332"},"modified":"2024-09-03T15:46:07","modified_gmt":"2024-09-03T13:46:07","slug":"fibromialgia-poradnik","status":"publish","type":"product","link":"https:\/\/niemusibolec.com\/index.php\/product\/fibromialgia-poradnik\/","title":{"rendered":"Fibromialgia &#8211; poradnik dla pacjent\u00f3w i ich bliskich"},"content":{"rendered":"<p>\u017bycie z fibromialgi\u0105 mo\u017ce by\u0107 wyzwaniem, ale nie musi oznacza\u0107 rezygnacji z tego, co Ci sprawia przyjemno\u015b\u0107. M\u00f3j ebook to kompendium praktycznych wskaz\u00f3wek i strategii, kt\u00f3re pomog\u0105 Ci lepiej zrozumie\u0107 t\u0119 chorob\u0119 i radzi\u0107 sobie z jej objawami. Od informacji o jej przyczynach i objawach, przez strategie \u0142agodzenia b\u00f3lu i poprawy jako\u015bci snu, a\u017c po wskaz\u00f3wki dotycz\u0105ce odpowiedniej aktywno\u015bci fizycznej, fizjoterapii, psychoterapii czy nowych metod leczenia &#8211; ten poradnik zawiera kompleksowe informacje, kt\u00f3re pomog\u0105 Ci w codziennym \u017cyciu z fibromialgi\u0105. Odkryj, jak prowadzi\u0107 bardziej aktywne, zdrowsze i pe\u0142niejsze \u017cycie, mimo wyzwa\u0144 stawianych przez t\u0119 chorob\u0119.<\/p>\n<p>Ebook 38 stron w formatach .pdf, .epub i .mobi do wyboru.<\/p>\n<p>Do pobrania przez rok od momentu zakupu.<\/p>\n","protected":false},"excerpt":{"rendered":"<p>Nawet 4% os\u00f3b cierpi z powodu fibromialgii. Ta niewidoczna choroba mo\u017ce by\u0107 prawdziwym ci\u0119\u017carem. Ten poradnik jest dla Ciebie, je\u015bli cierpisz na fibromialgi\u0119, wspierasz osob\u0119 zmagaj\u0105c\u0105 si\u0119 z ni\u0105 lub podejrzewasz u siebie t\u0119 chorob\u0119.<\/p>\n","protected":false},"featured_media":3337,"comment_status":"open","ping_status":"closed","template":"","meta":{"_et_pb_use_builder":"","_et_pb_old_content":"","_et_gb_content_width":"","_monsterinsights_skip_tracking":false,"_monsterinsights_sitenote_active":false,"_monsterinsights_sitenote_note":"","_monsterinsights_sitenote_category":0},"product_brand":[],"product_cat":[190],"product_tag":[197,196,194,195,198],"class_list":{"0":"post-3332","1":"product","2":"type-product","3":"status-publish","4":"has-post-thumbnail","6":"product_cat-ebook","7":"product_tag-dla-lekarzy","8":"product_tag-dla-pacjenta","9":"product_tag-ebook","10":"product_tag-fibromialgia","11":"product_tag-poradnik","13":"first","14":"instock","15":"sold-individually","16":"taxable","17":"shipping-taxable","18":"purchasable","19":"product-type-variable"},"yoast_head":"<!-- This site is optimized with the Yoast SEO plugin v27.0 - https:\/\/yoast.com\/product\/yoast-seo-wordpress\/ -->\n<title>Fibromialgia - poradnik dla pacjent\u00f3w i ich bliskich - Nie musi bole\u0107<\/title>\n<meta name=\"robots\" content=\"index, follow, max-snippet:-1, max-image-preview:large, max-video-preview:-1\" \/>\n<link rel=\"canonical\" href=\"https:\/\/niemusibolec.com\/index.php\/product\/fibromialgia-poradnik\/\" \/>\n<meta property=\"og:locale\" content=\"pl_PL\" \/>\n<meta property=\"og:type\" content=\"article\" \/>\n<meta property=\"og:title\" content=\"Fibromialgia - poradnik dla pacjent\u00f3w i ich bliskich - Nie musi bole\u0107\" \/>\n<meta property=\"og:description\" content=\"Nawet 4% os\u00f3b cierpi z powodu fibromialgii. Ta niewidoczna choroba mo\u017ce by\u0107 prawdziwym ci\u0119\u017carem. Ten poradnik jest dla Ciebie, je\u015bli cierpisz na fibromialgi\u0119, wspierasz osob\u0119 zmagaj\u0105c\u0105 si\u0119 z ni\u0105 lub podejrzewasz u siebie t\u0119 chorob\u0119.\" \/>\n<meta property=\"og:url\" content=\"https:\/\/niemusibolec.com\/index.php\/product\/fibromialgia-poradnik\/\" \/>\n<meta property=\"og:site_name\" content=\"Nie musi bole\u0107\" \/>\n<meta property=\"article:modified_time\" content=\"2024-09-03T13:46:07+00:00\" \/>\n<meta property=\"og:image\" content=\"https:\/\/niemusibolec.com\/wp-content\/uploads\/2024\/02\/fibromialgia.jpg\" \/>\n\t<meta property=\"og:image:width\" content=\"1080\" \/>\n\t<meta property=\"og:image:height\" content=\"1080\" \/>\n\t<meta property=\"og:image:type\" content=\"image\/jpeg\" \/>\n<meta name=\"twitter:card\" content=\"summary_large_image\" \/>\n<meta name=\"twitter:label1\" content=\"Szacowany czas czytania\" \/>\n\t<meta name=\"twitter:data1\" content=\"1 minuta\" \/>\n<script type=\"application\/ld+json\" class=\"yoast-schema-graph\">{\"@context\":\"https:\/\/schema.org\",\"@graph\":[{\"@type\":\"WebPage\",\"@id\":\"https:\/\/niemusibolec.com\/index.php\/product\/fibromialgia-poradnik\/\",\"url\":\"https:\/\/niemusibolec.com\/index.php\/product\/fibromialgia-poradnik\/\",\"name\":\"Fibromialgia - poradnik dla pacjent\u00f3w i ich bliskich - Nie musi bole\u0107\",\"isPartOf\":{\"@id\":\"https:\/\/niemusibolec.com\/#website\"},\"primaryImageOfPage\":{\"@id\":\"https:\/\/niemusibolec.com\/index.php\/product\/fibromialgia-poradnik\/#primaryimage\"},\"image\":{\"@id\":\"https:\/\/niemusibolec.com\/index.php\/product\/fibromialgia-poradnik\/#primaryimage\"},\"thumbnailUrl\":\"https:\/\/niemusibolec.com\/wp-content\/uploads\/2024\/02\/fibromialgia.jpg\",\"datePublished\":\"2024-03-01T17:00:35+00:00\",\"dateModified\":\"2024-09-03T13:46:07+00:00\",\"breadcrumb\":{\"@id\":\"https:\/\/niemusibolec.com\/index.php\/product\/fibromialgia-poradnik\/#breadcrumb\"},\"inLanguage\":\"pl-PL\",\"potentialAction\":[{\"@type\":\"ReadAction\",\"target\":[\"https:\/\/niemusibolec.com\/index.php\/product\/fibromialgia-poradnik\/\"]}]},{\"@type\":\"ImageObject\",\"inLanguage\":\"pl-PL\",\"@id\":\"https:\/\/niemusibolec.com\/index.php\/product\/fibromialgia-poradnik\/#primaryimage\",\"url\":\"https:\/\/niemusibolec.com\/wp-content\/uploads\/2024\/02\/fibromialgia.jpg\",\"contentUrl\":\"https:\/\/niemusibolec.com\/wp-content\/uploads\/2024\/02\/fibromialgia.jpg\",\"width\":1080,\"height\":1080},{\"@type\":\"BreadcrumbList\",\"@id\":\"https:\/\/niemusibolec.com\/index.php\/product\/fibromialgia-poradnik\/#breadcrumb\",\"itemListElement\":[{\"@type\":\"ListItem\",\"position\":1,\"name\":\"Home\",\"item\":\"https:\/\/niemusibolec.com\/\"},{\"@type\":\"ListItem\",\"position\":2,\"name\":\"Produkty\",\"item\":\"https:\/\/niemusibolec.com\/index.php\/shop\/\"},{\"@type\":\"ListItem\",\"position\":3,\"name\":\"Fibromialgia &#8211; poradnik dla pacjent\u00f3w i ich bliskich\"}]},{\"@type\":\"WebSite\",\"@id\":\"https:\/\/niemusibolec.com\/#website\",\"url\":\"https:\/\/niemusibolec.com\/\",\"name\":\"Nie musi bole\u0107\",\"description\":\"Poradnia leczenia b\u00f3lu dla dzieci i doros\u0142ych w Bia\u0142ymstoku\",\"potentialAction\":[{\"@type\":\"SearchAction\",\"target\":{\"@type\":\"EntryPoint\",\"urlTemplate\":\"https:\/\/niemusibolec.com\/?s={search_term_string}\"},\"query-input\":{\"@type\":\"PropertyValueSpecification\",\"valueRequired\":true,\"valueName\":\"search_term_string\"}}],\"inLanguage\":\"pl-PL\"}]}<\/script>\n<!-- \/ Yoast SEO plugin. -->","yoast_head_json":{"title":"Fibromialgia - poradnik dla pacjent\u00f3w i ich bliskich - Nie musi bole\u0107","robots":{"index":"index","follow":"follow","max-snippet":"max-snippet:-1","max-image-preview":"max-image-preview:large","max-video-preview":"max-video-preview:-1"},"canonical":"https:\/\/niemusibolec.com\/index.php\/product\/fibromialgia-poradnik\/","og_locale":"pl_PL","og_type":"article","og_title":"Fibromialgia - poradnik dla pacjent\u00f3w i ich bliskich - Nie musi bole\u0107","og_description":"Nawet 4% os\u00f3b cierpi z powodu fibromialgii. Ta niewidoczna choroba mo\u017ce by\u0107 prawdziwym ci\u0119\u017carem. Ten poradnik jest dla Ciebie, je\u015bli cierpisz na fibromialgi\u0119, wspierasz osob\u0119 zmagaj\u0105c\u0105 si\u0119 z ni\u0105 lub podejrzewasz u siebie t\u0119 chorob\u0119.","og_url":"https:\/\/niemusibolec.com\/index.php\/product\/fibromialgia-poradnik\/","og_site_name":"Nie musi bole\u0107","article_modified_time":"2024-09-03T13:46:07+00:00","og_image":[{"width":1080,"height":1080,"url":"https:\/\/niemusibolec.com\/wp-content\/uploads\/2024\/02\/fibromialgia.jpg","type":"image\/jpeg"}],"twitter_card":"summary_large_image","twitter_misc":{"Szacowany czas czytania":"1 minuta"},"schema":{"@context":"https:\/\/schema.org","@graph":[{"@type":"WebPage","@id":"https:\/\/niemusibolec.com\/index.php\/product\/fibromialgia-poradnik\/","url":"https:\/\/niemusibolec.com\/index.php\/product\/fibromialgia-poradnik\/","name":"Fibromialgia - poradnik dla pacjent\u00f3w i ich bliskich - Nie musi bole\u0107","isPartOf":{"@id":"https:\/\/niemusibolec.com\/#website"},"primaryImageOfPage":{"@id":"https:\/\/niemusibolec.com\/index.php\/product\/fibromialgia-poradnik\/#primaryimage"},"image":{"@id":"https:\/\/niemusibolec.com\/index.php\/product\/fibromialgia-poradnik\/#primaryimage"},"thumbnailUrl":"https:\/\/niemusibolec.com\/wp-content\/uploads\/2024\/02\/fibromialgia.jpg","datePublished":"2024-03-01T17:00:35+00:00","dateModified":"2024-09-03T13:46:07+00:00","breadcrumb":{"@id":"https:\/\/niemusibolec.com\/index.php\/product\/fibromialgia-poradnik\/#breadcrumb"},"inLanguage":"pl-PL","potentialAction":[{"@type":"ReadAction","target":["https:\/\/niemusibolec.com\/index.php\/product\/fibromialgia-poradnik\/"]}]},{"@type":"ImageObject","inLanguage":"pl-PL","@id":"https:\/\/niemusibolec.com\/index.php\/product\/fibromialgia-poradnik\/#primaryimage","url":"https:\/\/niemusibolec.com\/wp-content\/uploads\/2024\/02\/fibromialgia.jpg","contentUrl":"https:\/\/niemusibolec.com\/wp-content\/uploads\/2024\/02\/fibromialgia.jpg","width":1080,"height":1080},{"@type":"BreadcrumbList","@id":"https:\/\/niemusibolec.com\/index.php\/product\/fibromialgia-poradnik\/#breadcrumb","itemListElement":[{"@type":"ListItem","position":1,"name":"Home","item":"https:\/\/niemusibolec.com\/"},{"@type":"ListItem","position":2,"name":"Produkty","item":"https:\/\/niemusibolec.com\/index.php\/shop\/"},{"@type":"ListItem","position":3,"name":"Fibromialgia &#8211; poradnik dla pacjent\u00f3w i ich bliskich"}]},{"@type":"WebSite","@id":"https:\/\/niemusibolec.com\/#website","url":"https:\/\/niemusibolec.com\/","name":"Nie musi bole\u0107","description":"Poradnia leczenia b\u00f3lu dla dzieci i doros\u0142ych w Bia\u0142ymstoku","potentialAction":[{"@type":"SearchAction","target":{"@type":"EntryPoint","urlTemplate":"https:\/\/niemusibolec.com\/?s={search_term_string}"},"query-input":{"@type":"PropertyValueSpecification","valueRequired":true,"valueName":"search_term_string"}}],"inLanguage":"pl-PL"}]}},"_links":{"self":[{"href":"https:\/\/niemusibolec.com\/index.php\/wp-json\/wp\/v2\/product\/3332","targetHints":{"allow":["GET"]}}],"collection":[{"href":"https:\/\/niemusibolec.com\/index.php\/wp-json\/wp\/v2\/product"}],"about":[{"href":"https:\/\/niemusibolec.com\/index.php\/wp-json\/wp\/v2\/types\/product"}],"replies":[{"embeddable":true,"href":"https:\/\/niemusibolec.com\/index.php\/wp-json\/wp\/v2\/comments?post=3332"}],"wp:featuredmedia":[{"embeddable":true,"href":"https:\/\/niemusibolec.com\/index.php\/wp-json\/wp\/v2\/media\/3337"}],"wp:attachment":[{"href":"https:\/\/niemusibolec.com\/index.php\/wp-json\/wp\/v2\/media?parent=3332"}],"wp:term":[{"taxonomy":"product_brand","embeddable":true,"href":"https:\/\/niemusibolec.com\/index.php\/wp-json\/wp\/v2\/product_brand?post=3332"},{"taxonomy":"product_cat","embeddable":true,"href":"https:\/\/niemusibolec.com\/index.php\/wp-json\/wp\/v2\/product_cat?post=3332"},{"taxonomy":"product_tag","embeddable":true,"href":"https:\/\/niemusibolec.com\/index.php\/wp-json\/wp\/v2\/product_tag?post=3332"}],"curies":[{"name":"wp","href":"https:\/\/api.w.org\/{rel}","templated":true}]}}